{"id":57,"date":"2015-02-17T09:13:57","date_gmt":"2015-02-17T11:13:57","guid":{"rendered":"http:\/\/www.gelcoffee.com.br\/homologa\/?page_id=57"},"modified":"2019-12-09T20:26:33","modified_gmt":"2019-12-09T23:26:33","slug":"contato","status":"publish","type":"page","link":"https:\/\/www.gelcoffee.com.br\/en\/contact","title":{"rendered":"Contact"},"content":{"rendered":"","protected":false},"excerpt":{"rendered":"","protected":false},"author":1,"featured_media":0,"parent":0,"menu_order":0,"comment_status":"open","ping_status":"open","template":"page-contato-localizacao.php","meta":{"_acf_changed":false,"footnotes":""},"class_list":["post-57","page","type-page","status-publish","hentry"],"acf":[],"yoast_head":"<!-- This site is optimized with the Yoast SEO plugin v24.7 - https:\/\/yoast.com\/wordpress\/plugins\/seo\/ -->\n<title>Contact - Gelcoffee<\/title>\n<meta name=\"robots\" content=\"index, follow, max-snippet:-1, max-image-preview:large, max-video-preview:-1\" \/>\n<link rel=\"canonical\" href=\"https:\/\/www.gelcoffee.com.br\/contato\" \/>\n<meta property=\"og:locale\" content=\"en_US\" \/>\n<meta property=\"og:type\" content=\"article\" \/>\n<meta property=\"og:title\" content=\"Contact - Gelcoffee\" \/>\n<meta property=\"og:url\" content=\"https:\/\/www.gelcoffee.com.br\/contato\" \/>\n<meta property=\"og:site_name\" content=\"Gelcoffee\" \/>\n<meta property=\"article:modified_time\" content=\"2019-12-09T23:26:33+00:00\" \/>\n<meta name=\"twitter:card\" content=\"summary_large_image\" \/>\n<script type=\"application\/ld+json\" class=\"yoast-schema-graph\">{\"@context\":\"https:\/\/schema.org\",\"@graph\":[{\"@type\":\"WebPage\",\"@id\":\"https:\/\/www.gelcoffee.com.br\/contato\",\"url\":\"https:\/\/www.gelcoffee.com.br\/contato\",\"name\":\"Contact - Gelcoffee\",\"isPartOf\":{\"@id\":\"https:\/\/www.gelcoffee.com.br\/en\/#website\"},\"datePublished\":\"2015-02-17T11:13:57+00:00\",\"dateModified\":\"2019-12-09T23:26:33+00:00\",\"breadcrumb\":{\"@id\":\"https:\/\/www.gelcoffee.com.br\/contato#breadcrumb\"},\"inLanguage\":\"en-US\",\"potentialAction\":[{\"@type\":\"ReadAction\",\"target\":[\"https:\/\/www.gelcoffee.com.br\/contato\"]}]},{\"@type\":\"BreadcrumbList\",\"@id\":\"https:\/\/www.gelcoffee.com.br\/contato#breadcrumb\",\"itemListElement\":[{\"@type\":\"ListItem\",\"position\":1,\"name\":\"In\u00edcio\",\"item\":\"https:\/\/www.gelcoffee.com.br\/en\/\"},{\"@type\":\"ListItem\",\"position\":2,\"name\":\"Contato\"}]},{\"@type\":\"WebSite\",\"@id\":\"https:\/\/www.gelcoffee.com.br\/en\/#website\",\"url\":\"https:\/\/www.gelcoffee.com.br\/en\/\",\"name\":\"Gelcoffee\",\"description\":\"Cafeteiras Espresso Profissionais para sua Casa ou Estabelecimento. M\u00e1quinas Caf\u00e9 Espresso Caf\u00e9 Expresso\",\"potentialAction\":[{\"@type\":\"SearchAction\",\"target\":{\"@type\":\"EntryPoint\",\"urlTemplate\":\"https:\/\/www.gelcoffee.com.br\/en\/?s={search_term_string}\"},\"query-input\":{\"@type\":\"PropertyValueSpecification\",\"valueRequired\":true,\"valueName\":\"search_term_string\"}}],\"inLanguage\":\"en-US\"}]}<\/script>\n<!-- \/ Yoast SEO plugin. -->","yoast_head_json":{"title":"Contact - Gelcoffee","robots":{"index":"index","follow":"follow","max-snippet":"max-snippet:-1","max-image-preview":"max-image-preview:large","max-video-preview":"max-video-preview:-1"},"canonical":"https:\/\/www.gelcoffee.com.br\/contato","og_locale":"en_US","og_type":"article","og_title":"Contact - Gelcoffee","og_url":"https:\/\/www.gelcoffee.com.br\/contato","og_site_name":"Gelcoffee","article_modified_time":"2019-12-09T23:26:33+00:00","twitter_card":"summary_large_image","schema":{"@context":"https:\/\/schema.org","@graph":[{"@type":"WebPage","@id":"https:\/\/www.gelcoffee.com.br\/contato","url":"https:\/\/www.gelcoffee.com.br\/contato","name":"Contact - Gelcoffee","isPartOf":{"@id":"https:\/\/www.gelcoffee.com.br\/en\/#website"},"datePublished":"2015-02-17T11:13:57+00:00","dateModified":"2019-12-09T23:26:33+00:00","breadcrumb":{"@id":"https:\/\/www.gelcoffee.com.br\/contato#breadcrumb"},"inLanguage":"en-US","potentialAction":[{"@type":"ReadAction","target":["https:\/\/www.gelcoffee.com.br\/contato"]}]},{"@type":"BreadcrumbList","@id":"https:\/\/www.gelcoffee.com.br\/contato#breadcrumb","itemListElement":[{"@type":"ListItem","position":1,"name":"In\u00edcio","item":"https:\/\/www.gelcoffee.com.br\/en\/"},{"@type":"ListItem","position":2,"name":"Contato"}]},{"@type":"WebSite","@id":"https:\/\/www.gelcoffee.com.br\/en\/#website","url":"https:\/\/www.gelcoffee.com.br\/en\/","name":"Gelcoffee","description":"Cafeteiras Espresso Profissionais para sua Casa ou Estabelecimento. M\u00e1quinas Caf\u00e9 Espresso Caf\u00e9 Expresso","potentialAction":[{"@type":"SearchAction","target":{"@type":"EntryPoint","urlTemplate":"https:\/\/www.gelcoffee.com.br\/en\/?s={search_term_string}"},"query-input":{"@type":"PropertyValueSpecification","valueRequired":true,"valueName":"search_term_string"}}],"inLanguage":"en-US"}]}},"_links":{"self":[{"href":"https:\/\/www.gelcoffee.com.br\/en\/wp-json\/wp\/v2\/pages\/57","targetHints":{"allow":["GET"]}}],"collection":[{"href":"https:\/\/www.gelcoffee.com.br\/en\/wp-json\/wp\/v2\/pages"}],"about":[{"href":"https:\/\/www.gelcoffee.com.br\/en\/wp-json\/wp\/v2\/types\/page"}],"author":[{"embeddable":true,"href":"https:\/\/www.gelcoffee.com.br\/en\/wp-json\/wp\/v2\/users\/1"}],"replies":[{"embeddable":true,"href":"https:\/\/www.gelcoffee.com.br\/en\/wp-json\/wp\/v2\/comments?post=57"}],"version-history":[{"count":1,"href":"https:\/\/www.gelcoffee.com.br\/en\/wp-json\/wp\/v2\/pages\/57\/revisions"}],"predecessor-version":[{"id":4929,"href":"https:\/\/www.gelcoffee.com.br\/en\/wp-json\/wp\/v2\/pages\/57\/revisions\/4929"}],"wp:attachment":[{"href":"https:\/\/www.gelcoffee.com.br\/en\/wp-json\/wp\/v2\/media?parent=57"}],"curies":[{"name":"wp","href":"https:\/\/api.w.org\/{rel}","templated":true}]}}