{"id":707,"date":"2015-04-16T13:40:37","date_gmt":"2015-04-16T16:40:37","guid":{"rendered":"http:\/\/www.gelcoffee.com.br\/homologa\/produto\/prima-bebs"},"modified":"2015-05-26T07:20:23","modified_gmt":"2015-05-26T10:20:23","slug":"prima-bebs-2","status":"publish","type":"product","link":"https:\/\/www.gelcoffee.com.br\/en\/product\/prima-bebs-2","title":{"rendered":"Prima 2 Groups"},"content":{"rendered":"<p>Model: Prima BE\/BS<br \/>\nGroups: 2<br \/>\nType: Eletronic \/ Semiautomatic<br \/>\nCapacity: 8 Litros<br \/>\nWidth: 690<br \/>\nHeight: 440<br \/>\nDepth: 540<br \/>\nPower: 3330W<br \/>\nVoltage: 220V \u2013 60Hz<\/p>","protected":false},"excerpt":{"rendered":"<p>Model: Prima BE\/BS Groups: 2 Type: Eletronic \/ Semiautomatic Capacity: 8 Litros Width: 690 Height: 440 Depth: 540 Power: 3330W Voltage: 220V \u2013 60Hz<\/p>\n","protected":false},"featured_media":824,"comment_status":"open","ping_status":"closed","template":"","meta":{"_acf_changed":false},"product_brand":[],"product_cat":[29,47],"product_tag":[],"class_list":{"0":"post-707","1":"product","2":"type-product","3":"status-publish","4":"has-post-thumbnail","6":"product_cat-eletronica","7":"product_cat-prima","9":"first","10":"instock","11":"shipping-taxable","12":"product-type-simple"},"acf":[],"yoast_head":"<!-- This site is optimized with the Yoast SEO plugin v24.7 - https:\/\/yoast.com\/wordpress\/plugins\/seo\/ -->\n<title>Prima 2 Groups - Gelcoffee<\/title>\n<meta name=\"robots\" content=\"index, follow, max-snippet:-1, max-image-preview:large, max-video-preview:-1\" \/>\n<link rel=\"canonical\" href=\"https:\/\/www.gelcoffee.com.br\/produto\/prima-bebs-2\" \/>\n<meta property=\"og:locale\" content=\"en_US\" \/>\n<meta property=\"og:type\" content=\"article\" \/>\n<meta property=\"og:title\" content=\"Prima 2 Groups - Gelcoffee\" \/>\n<meta property=\"og:description\" content=\"Model: Prima BE\/BS Groups: 2 Type: Eletronic \/ Semiautomatic Capacity: 8 Litros Width: 690 Height: 440 Depth: 540 Power: 3330W Voltage: 220V \u2013 60Hz\" \/>\n<meta property=\"og:url\" content=\"https:\/\/www.gelcoffee.com.br\/produto\/prima-bebs-2\" \/>\n<meta property=\"og:site_name\" content=\"Gelcoffee\" \/>\n<meta property=\"article:modified_time\" content=\"2015-05-26T10:20:23+00:00\" \/>\n<meta property=\"og:image\" content=\"https:\/\/www.gelcoffee.com.br\/homologa\/wp-content\/uploads\/2015\/04\/prima-bebs-1.jpg\" \/>\n\t<meta property=\"og:image:width\" content=\"799\" \/>\n\t<meta property=\"og:image:height\" content=\"1020\" \/>\n\t<meta property=\"og:image:type\" content=\"image\/jpeg\" \/>\n<meta name=\"twitter:card\" content=\"summary_large_image\" \/>\n<script type=\"application\/ld+json\" class=\"yoast-schema-graph\">{\"@context\":\"https:\/\/schema.org\",\"@graph\":[{\"@type\":\"WebPage\",\"@id\":\"https:\/\/www.gelcoffee.com.br\/produto\/prima-bebs-2\",\"url\":\"https:\/\/www.gelcoffee.com.br\/produto\/prima-bebs-2\",\"name\":\"Prima 2 Groups - Gelcoffee\",\"isPartOf\":{\"@id\":\"https:\/\/www.gelcoffee.com.br\/en\/#website\"},\"primaryImageOfPage\":{\"@id\":\"https:\/\/www.gelcoffee.com.br\/produto\/prima-bebs-2#primaryimage\"},\"image\":{\"@id\":\"https:\/\/www.gelcoffee.com.br\/produto\/prima-bebs-2#primaryimage\"},\"thumbnailUrl\":\"https:\/\/www.gelcoffee.com.br\/homologa\/wp-content\/uploads\/2015\/04\/prima-bebs-1.jpg\",\"datePublished\":\"2015-04-16T16:40:37+00:00\",\"dateModified\":\"2015-05-26T10:20:23+00:00\",\"breadcrumb\":{\"@id\":\"https:\/\/www.gelcoffee.com.br\/produto\/prima-bebs-2#breadcrumb\"},\"inLanguage\":\"en-US\",\"potentialAction\":[{\"@type\":\"ReadAction\",\"target\":[\"https:\/\/www.gelcoffee.com.br\/produto\/prima-bebs-2\"]}]},{\"@type\":\"ImageObject\",\"inLanguage\":\"en-US\",\"@id\":\"https:\/\/www.gelcoffee.com.br\/produto\/prima-bebs-2#primaryimage\",\"url\":\"https:\/\/www.gelcoffee.com.br\/homologa\/wp-content\/uploads\/2015\/04\/prima-bebs-1.jpg\",\"contentUrl\":\"https:\/\/www.gelcoffee.com.br\/homologa\/wp-content\/uploads\/2015\/04\/prima-bebs-1.jpg\",\"width\":799,\"height\":1020},{\"@type\":\"BreadcrumbList\",\"@id\":\"https:\/\/www.gelcoffee.com.br\/produto\/prima-bebs-2#breadcrumb\",\"itemListElement\":[{\"@type\":\"ListItem\",\"position\":1,\"name\":\"In\u00edcio\",\"item\":\"https:\/\/www.gelcoffee.com.br\/en\/\"},{\"@type\":\"ListItem\",\"position\":2,\"name\":\"Products\",\"item\":\"https:\/\/www.gelcoffee.com.br\/en\/produtos\"},{\"@type\":\"ListItem\",\"position\":3,\"name\":\"Prima 2 Grupos\"}]},{\"@type\":\"WebSite\",\"@id\":\"https:\/\/www.gelcoffee.com.br\/en\/#website\",\"url\":\"https:\/\/www.gelcoffee.com.br\/en\/\",\"name\":\"Gelcoffee\",\"description\":\"Cafeteiras Espresso Profissionais para sua Casa ou Estabelecimento. M\u00e1quinas Caf\u00e9 Espresso Caf\u00e9 Expresso\",\"potentialAction\":[{\"@type\":\"SearchAction\",\"target\":{\"@type\":\"EntryPoint\",\"urlTemplate\":\"https:\/\/www.gelcoffee.com.br\/en\/?s={search_term_string}\"},\"query-input\":{\"@type\":\"PropertyValueSpecification\",\"valueRequired\":true,\"valueName\":\"search_term_string\"}}],\"inLanguage\":\"en-US\"}]}<\/script>\n<!-- \/ Yoast SEO plugin. -->","yoast_head_json":{"title":"Prima 2 Groups - Gelcoffee","robots":{"index":"index","follow":"follow","max-snippet":"max-snippet:-1","max-image-preview":"max-image-preview:large","max-video-preview":"max-video-preview:-1"},"canonical":"https:\/\/www.gelcoffee.com.br\/produto\/prima-bebs-2","og_locale":"en_US","og_type":"article","og_title":"Prima 2 Groups - Gelcoffee","og_description":"Model: Prima BE\/BS Groups: 2 Type: Eletronic \/ Semiautomatic Capacity: 8 Litros Width: 690 Height: 440 Depth: 540 Power: 3330W Voltage: 220V \u2013 60Hz","og_url":"https:\/\/www.gelcoffee.com.br\/produto\/prima-bebs-2","og_site_name":"Gelcoffee","article_modified_time":"2015-05-26T10:20:23+00:00","og_image":[{"width":799,"height":1020,"url":"https:\/\/www.gelcoffee.com.br\/homologa\/wp-content\/uploads\/2015\/04\/prima-bebs-1.jpg","type":"image\/jpeg"}],"twitter_card":"summary_large_image","schema":{"@context":"https:\/\/schema.org","@graph":[{"@type":"WebPage","@id":"https:\/\/www.gelcoffee.com.br\/produto\/prima-bebs-2","url":"https:\/\/www.gelcoffee.com.br\/produto\/prima-bebs-2","name":"Prima 2 Groups - Gelcoffee","isPartOf":{"@id":"https:\/\/www.gelcoffee.com.br\/en\/#website"},"primaryImageOfPage":{"@id":"https:\/\/www.gelcoffee.com.br\/produto\/prima-bebs-2#primaryimage"},"image":{"@id":"https:\/\/www.gelcoffee.com.br\/produto\/prima-bebs-2#primaryimage"},"thumbnailUrl":"https:\/\/www.gelcoffee.com.br\/homologa\/wp-content\/uploads\/2015\/04\/prima-bebs-1.jpg","datePublished":"2015-04-16T16:40:37+00:00","dateModified":"2015-05-26T10:20:23+00:00","breadcrumb":{"@id":"https:\/\/www.gelcoffee.com.br\/produto\/prima-bebs-2#breadcrumb"},"inLanguage":"en-US","potentialAction":[{"@type":"ReadAction","target":["https:\/\/www.gelcoffee.com.br\/produto\/prima-bebs-2"]}]},{"@type":"ImageObject","inLanguage":"en-US","@id":"https:\/\/www.gelcoffee.com.br\/produto\/prima-bebs-2#primaryimage","url":"https:\/\/www.gelcoffee.com.br\/homologa\/wp-content\/uploads\/2015\/04\/prima-bebs-1.jpg","contentUrl":"https:\/\/www.gelcoffee.com.br\/homologa\/wp-content\/uploads\/2015\/04\/prima-bebs-1.jpg","width":799,"height":1020},{"@type":"BreadcrumbList","@id":"https:\/\/www.gelcoffee.com.br\/produto\/prima-bebs-2#breadcrumb","itemListElement":[{"@type":"ListItem","position":1,"name":"In\u00edcio","item":"https:\/\/www.gelcoffee.com.br\/en\/"},{"@type":"ListItem","position":2,"name":"Products","item":"https:\/\/www.gelcoffee.com.br\/en\/produtos"},{"@type":"ListItem","position":3,"name":"Prima 2 Grupos"}]},{"@type":"WebSite","@id":"https:\/\/www.gelcoffee.com.br\/en\/#website","url":"https:\/\/www.gelcoffee.com.br\/en\/","name":"Gelcoffee","description":"Cafeteiras Espresso Profissionais para sua Casa ou Estabelecimento. M\u00e1quinas Caf\u00e9 Espresso Caf\u00e9 Expresso","potentialAction":[{"@type":"SearchAction","target":{"@type":"EntryPoint","urlTemplate":"https:\/\/www.gelcoffee.com.br\/en\/?s={search_term_string}"},"query-input":{"@type":"PropertyValueSpecification","valueRequired":true,"valueName":"search_term_string"}}],"inLanguage":"en-US"}]}},"_links":{"self":[{"href":"https:\/\/www.gelcoffee.com.br\/en\/wp-json\/wp\/v2\/product\/707","targetHints":{"allow":["GET"]}}],"collection":[{"href":"https:\/\/www.gelcoffee.com.br\/en\/wp-json\/wp\/v2\/product"}],"about":[{"href":"https:\/\/www.gelcoffee.com.br\/en\/wp-json\/wp\/v2\/types\/product"}],"replies":[{"embeddable":true,"href":"https:\/\/www.gelcoffee.com.br\/en\/wp-json\/wp\/v2\/comments?post=707"}],"wp:featuredmedia":[{"embeddable":true,"href":"https:\/\/www.gelcoffee.com.br\/en\/wp-json\/wp\/v2\/media\/824"}],"wp:attachment":[{"href":"https:\/\/www.gelcoffee.com.br\/en\/wp-json\/wp\/v2\/media?parent=707"}],"wp:term":[{"taxonomy":"product_brand","embeddable":true,"href":"https:\/\/www.gelcoffee.com.br\/en\/wp-json\/wp\/v2\/product_brand?post=707"},{"taxonomy":"product_cat","embeddable":true,"href":"https:\/\/www.gelcoffee.com.br\/en\/wp-json\/wp\/v2\/product_cat?post=707"},{"taxonomy":"product_tag","embeddable":true,"href":"https:\/\/www.gelcoffee.com.br\/en\/wp-json\/wp\/v2\/product_tag?post=707"}],"curies":[{"name":"wp","href":"https:\/\/api.w.org\/{rel}","templated":true}]}}