{"id":2,"date":"2015-02-09T15:01:16","date_gmt":"2015-02-09T15:01:16","guid":{"rendered":"http:\/\/www.gelcoffee.com.br\/homologa\/?page_id=2"},"modified":"2015-04-14T16:52:40","modified_gmt":"2015-04-14T19:52:40","slug":"empresa","status":"publish","type":"page","link":"https:\/\/www.gelcoffee.com.br\/es\/empresa","title":{"rendered":"Empresa"},"content":{"rendered":"<p><div class=\"row\"><div class=\"col-md-6 col-sm-6 col-xs-12\">Nuestra compa\u00f1\u00eda produce y instala m\u00e1quinas de caf\u00e9 expreso con la m\u00e1s moderna tecnologia, el mejor padr\u00f3n de cualidad y el menor costo. Nuestro compromiso tambien \u00e9s proveer a los nuestros cliente la mejor asistencia t\u00e9cnica y manutenc\u00edon pos venta, garantindo la satisfaci\u00f3n del usu\u00e1rio final.<br \/>\n<\/div>\n<div class=\"col-md-6 col-sm-6 col-xs-12\"><\/p>\n<figure id=\"attachment_531\" aria-describedby=\"caption-attachment-531\" style=\"width: 1024px\" class=\"wp-caption alignnone\"><img loading=\"lazy\" decoding=\"async\" class=\"  wp-image-531 size-full\" src=\"https:\/\/www.gelcoffee.com.br\/homologa\/wp-content\/uploads\/2015\/02\/sede.jpg\" alt=\"\" width=\"1024\" height=\"565\" srcset=\"https:\/\/www.gelcoffee.com.br\/homologa\/wp-content\/uploads\/2015\/02\/sede.jpg 1024w, https:\/\/www.gelcoffee.com.br\/homologa\/wp-content\/uploads\/2015\/02\/sede-300x166.jpg 300w, https:\/\/www.gelcoffee.com.br\/homologa\/wp-content\/uploads\/2015\/02\/sede-768x424.jpg 768w, https:\/\/www.gelcoffee.com.br\/homologa\/wp-content\/uploads\/2015\/02\/sede-471x261.jpg 471w, https:\/\/www.gelcoffee.com.br\/homologa\/wp-content\/uploads\/2015\/02\/sede-105x58.jpg 105w, https:\/\/www.gelcoffee.com.br\/homologa\/wp-content\/uploads\/2015\/02\/sede-197x109.jpg 197w, https:\/\/www.gelcoffee.com.br\/homologa\/wp-content\/uploads\/2015\/02\/sede-400x221.jpg 400w, https:\/\/www.gelcoffee.com.br\/homologa\/wp-content\/uploads\/2015\/02\/sede-700x386.jpg 700w, https:\/\/www.gelcoffee.com.br\/homologa\/wp-content\/uploads\/2015\/02\/sede-539x297.jpg 539w\" sizes=\"auto, (max-width: 1024px) 100vw, 1024px\" \/><figcaption id=\"caption-attachment-531\" class=\"wp-caption-text\">Sede da empresa e f\u00e1brica.<\/figcaption><\/figure>\n<p><\/div>\n<\/div><\/p>","protected":false},"excerpt":{"rendered":"","protected":false},"author":1,"featured_media":0,"parent":0,"menu_order":0,"comment_status":"open","ping_status":"open","template":"page-gallery.php","meta":{"_acf_changed":false,"footnotes":""},"class_list":["post-2","page","type-page","status-publish","hentry"],"acf":[],"yoast_head":"<!-- This site is optimized with the Yoast SEO plugin v24.7 - https:\/\/yoast.com\/wordpress\/plugins\/seo\/ -->\n<title>Empresa - Gelcoffee<\/title>\n<meta name=\"robots\" content=\"index, follow, max-snippet:-1, max-image-preview:large, max-video-preview:-1\" \/>\n<link rel=\"canonical\" href=\"https:\/\/www.gelcoffee.com.br\/empresa\" \/>\n<meta property=\"og:locale\" content=\"es_ES\" \/>\n<meta property=\"og:type\" content=\"article\" \/>\n<meta property=\"og:title\" content=\"Empresa - Gelcoffee\" \/>\n<meta property=\"og:url\" content=\"https:\/\/www.gelcoffee.com.br\/empresa\" \/>\n<meta property=\"og:site_name\" content=\"Gelcoffee\" \/>\n<meta property=\"article:modified_time\" content=\"2015-04-14T19:52:40+00:00\" \/>\n<meta property=\"og:image\" content=\"https:\/\/www.gelcoffee.com.br\/homologa\/wp-content\/uploads\/2015\/02\/sede.jpg\" \/>\n<meta name=\"twitter:card\" content=\"summary_large_image\" \/>\n<meta name=\"twitter:label1\" content=\"Tiempo de lectura\" \/>\n\t<meta name=\"twitter:data1\" content=\"2 minutos\" \/>\n<script type=\"application\/ld+json\" class=\"yoast-schema-graph\">{\"@context\":\"https:\/\/schema.org\",\"@graph\":[{\"@type\":\"WebPage\",\"@id\":\"https:\/\/www.gelcoffee.com.br\/empresa\",\"url\":\"https:\/\/www.gelcoffee.com.br\/empresa\",\"name\":\"Empresa - Gelcoffee\",\"isPartOf\":{\"@id\":\"https:\/\/www.gelcoffee.com.br\/en\/#website\"},\"primaryImageOfPage\":{\"@id\":\"https:\/\/www.gelcoffee.com.br\/empresa#primaryimage\"},\"image\":{\"@id\":\"https:\/\/www.gelcoffee.com.br\/empresa#primaryimage\"},\"thumbnailUrl\":\"https:\/\/www.gelcoffee.com.br\/homologa\/wp-content\/uploads\/2015\/02\/sede.jpg\",\"datePublished\":\"2015-02-09T15:01:16+00:00\",\"dateModified\":\"2015-04-14T19:52:40+00:00\",\"breadcrumb\":{\"@id\":\"https:\/\/www.gelcoffee.com.br\/empresa#breadcrumb\"},\"inLanguage\":\"es\",\"potentialAction\":[{\"@type\":\"ReadAction\",\"target\":[\"https:\/\/www.gelcoffee.com.br\/empresa\"]}]},{\"@type\":\"ImageObject\",\"inLanguage\":\"es\",\"@id\":\"https:\/\/www.gelcoffee.com.br\/empresa#primaryimage\",\"url\":\"https:\/\/www.gelcoffee.com.br\/homologa\/wp-content\/uploads\/2015\/02\/sede.jpg\",\"contentUrl\":\"https:\/\/www.gelcoffee.com.br\/homologa\/wp-content\/uploads\/2015\/02\/sede.jpg\"},{\"@type\":\"BreadcrumbList\",\"@id\":\"https:\/\/www.gelcoffee.com.br\/empresa#breadcrumb\",\"itemListElement\":[{\"@type\":\"ListItem\",\"position\":1,\"name\":\"In\u00edcio\",\"item\":\"https:\/\/www.gelcoffee.com.br\/en\/\"},{\"@type\":\"ListItem\",\"position\":2,\"name\":\"Empresa\"}]},{\"@type\":\"WebSite\",\"@id\":\"https:\/\/www.gelcoffee.com.br\/en\/#website\",\"url\":\"https:\/\/www.gelcoffee.com.br\/en\/\",\"name\":\"Gelcoffee\",\"description\":\"Cafeteiras Espresso Profissionais para sua Casa ou Estabelecimento. M\u00e1quinas Caf\u00e9 Espresso Caf\u00e9 Expresso\",\"potentialAction\":[{\"@type\":\"SearchAction\",\"target\":{\"@type\":\"EntryPoint\",\"urlTemplate\":\"https:\/\/www.gelcoffee.com.br\/en\/?s={search_term_string}\"},\"query-input\":{\"@type\":\"PropertyValueSpecification\",\"valueRequired\":true,\"valueName\":\"search_term_string\"}}],\"inLanguage\":\"es\"}]}<\/script>\n<!-- \/ Yoast SEO plugin. -->","yoast_head_json":{"title":"Empresa - Gelcoffee","robots":{"index":"index","follow":"follow","max-snippet":"max-snippet:-1","max-image-preview":"max-image-preview:large","max-video-preview":"max-video-preview:-1"},"canonical":"https:\/\/www.gelcoffee.com.br\/empresa","og_locale":"es_ES","og_type":"article","og_title":"Empresa - Gelcoffee","og_url":"https:\/\/www.gelcoffee.com.br\/empresa","og_site_name":"Gelcoffee","article_modified_time":"2015-04-14T19:52:40+00:00","og_image":[{"url":"https:\/\/www.gelcoffee.com.br\/homologa\/wp-content\/uploads\/2015\/02\/sede.jpg","type":"","width":"","height":""}],"twitter_card":"summary_large_image","twitter_misc":{"Tiempo de lectura":"2 minutos"},"schema":{"@context":"https:\/\/schema.org","@graph":[{"@type":"WebPage","@id":"https:\/\/www.gelcoffee.com.br\/empresa","url":"https:\/\/www.gelcoffee.com.br\/empresa","name":"Empresa - Gelcoffee","isPartOf":{"@id":"https:\/\/www.gelcoffee.com.br\/en\/#website"},"primaryImageOfPage":{"@id":"https:\/\/www.gelcoffee.com.br\/empresa#primaryimage"},"image":{"@id":"https:\/\/www.gelcoffee.com.br\/empresa#primaryimage"},"thumbnailUrl":"https:\/\/www.gelcoffee.com.br\/homologa\/wp-content\/uploads\/2015\/02\/sede.jpg","datePublished":"2015-02-09T15:01:16+00:00","dateModified":"2015-04-14T19:52:40+00:00","breadcrumb":{"@id":"https:\/\/www.gelcoffee.com.br\/empresa#breadcrumb"},"inLanguage":"es","potentialAction":[{"@type":"ReadAction","target":["https:\/\/www.gelcoffee.com.br\/empresa"]}]},{"@type":"ImageObject","inLanguage":"es","@id":"https:\/\/www.gelcoffee.com.br\/empresa#primaryimage","url":"https:\/\/www.gelcoffee.com.br\/homologa\/wp-content\/uploads\/2015\/02\/sede.jpg","contentUrl":"https:\/\/www.gelcoffee.com.br\/homologa\/wp-content\/uploads\/2015\/02\/sede.jpg"},{"@type":"BreadcrumbList","@id":"https:\/\/www.gelcoffee.com.br\/empresa#breadcrumb","itemListElement":[{"@type":"ListItem","position":1,"name":"In\u00edcio","item":"https:\/\/www.gelcoffee.com.br\/en\/"},{"@type":"ListItem","position":2,"name":"Empresa"}]},{"@type":"WebSite","@id":"https:\/\/www.gelcoffee.com.br\/en\/#website","url":"https:\/\/www.gelcoffee.com.br\/en\/","name":"Gelcoffee","description":"Cafeteiras Espresso Profissionais para sua Casa ou Estabelecimento. M\u00e1quinas Caf\u00e9 Espresso Caf\u00e9 Expresso","potentialAction":[{"@type":"SearchAction","target":{"@type":"EntryPoint","urlTemplate":"https:\/\/www.gelcoffee.com.br\/en\/?s={search_term_string}"},"query-input":{"@type":"PropertyValueSpecification","valueRequired":true,"valueName":"search_term_string"}}],"inLanguage":"es"}]}},"_links":{"self":[{"href":"https:\/\/www.gelcoffee.com.br\/es\/wp-json\/wp\/v2\/pages\/2","targetHints":{"allow":["GET"]}}],"collection":[{"href":"https:\/\/www.gelcoffee.com.br\/es\/wp-json\/wp\/v2\/pages"}],"about":[{"href":"https:\/\/www.gelcoffee.com.br\/es\/wp-json\/wp\/v2\/types\/page"}],"author":[{"embeddable":true,"href":"https:\/\/www.gelcoffee.com.br\/es\/wp-json\/wp\/v2\/users\/1"}],"replies":[{"embeddable":true,"href":"https:\/\/www.gelcoffee.com.br\/es\/wp-json\/wp\/v2\/comments?post=2"}],"version-history":[{"count":0,"href":"https:\/\/www.gelcoffee.com.br\/es\/wp-json\/wp\/v2\/pages\/2\/revisions"}],"wp:attachment":[{"href":"https:\/\/www.gelcoffee.com.br\/es\/wp-json\/wp\/v2\/media?parent=2"}],"curies":[{"name":"wp","href":"https:\/\/api.w.org\/{rel}","templated":true}]}}