{"id":5536,"date":"2022-04-13T15:26:04","date_gmt":"2022-04-13T18:26:04","guid":{"rendered":"http:\/\/www.gelcoffee.com.br\/?post_type=product&#038;p=5536"},"modified":"2022-04-13T15:28:35","modified_gmt":"2022-04-13T18:28:35","slug":"gel-mix-quente-frio","status":"publish","type":"product","link":"https:\/\/www.gelcoffee.com.br\/es\/producto\/gelmix-bebida-helada-2-3","title":{"rendered":"Gel Mix Caliente Fr\u00eda"},"content":{"rendered":"<p>Modelo: Gelmix<\/p>\n<p>Tipo: Electr\u00f3nica<\/p>\n<p>Capacidad: 5 <span id=\"result_box\" class=\"short_text\" lang=\"es\"><span class=\"hps\">recipientes para<\/span> <span class=\"hps\">producto soluble<\/span><\/span><\/p>\n<p>Anchura: 430<\/p>\n<p>Altura: 670<\/p>\n<p>Profundidad: 560<\/p>\n<p>Potencia: 1300W<\/p>\n<p>Voltaje: 220V \u2013 60Hz<\/p>","protected":false},"excerpt":{"rendered":"<p>Modelo: Gelmix Tipo: Electr\u00f3nica Capacidad: 5 recipientes para producto soluble Anchura: 430 Altura: 670 Profundidad: 560 Potencia: 1300W Voltaje: 220V \u2013 60Hz<\/p>\n","protected":false},"featured_media":908,"comment_status":"open","ping_status":"closed","template":"","meta":{"_acf_changed":false},"product_brand":[],"product_cat":[34],"product_tag":[],"class_list":{"0":"post-5536","1":"product","2":"type-product","3":"status-publish","4":"has-post-thumbnail","6":"product_cat-soluvel","8":"first","9":"instock","10":"shipping-taxable","11":"product-type-simple"},"acf":[],"yoast_head":"<!-- This site is optimized with the Yoast SEO plugin v24.7 - https:\/\/yoast.com\/wordpress\/plugins\/seo\/ -->\n<title>Gel Mix Caliente Fr\u00eda - Gelcoffee<\/title>\n<meta name=\"robots\" content=\"index, follow, max-snippet:-1, max-image-preview:large, max-video-preview:-1\" \/>\n<link rel=\"canonical\" href=\"https:\/\/www.gelcoffee.com.br\/en\/product\/gelmix-frozen-drink-2-3\" \/>\n<meta property=\"og:locale\" content=\"es_ES\" \/>\n<meta property=\"og:type\" content=\"article\" \/>\n<meta property=\"og:title\" content=\"Gel Mix Caliente Fr\u00eda - Gelcoffee\" \/>\n<meta property=\"og:description\" content=\"Modelo: Gelmix Tipo: Electr\u00f3nica Capacidad: 5 recipientes para producto soluble Anchura: 430 Altura: 670 Profundidad: 560 Potencia: 1300W Voltaje: 220V \u2013 60Hz\" \/>\n<meta property=\"og:url\" content=\"https:\/\/www.gelcoffee.com.br\/en\/product\/gelmix-frozen-drink-2-3\" \/>\n<meta property=\"og:site_name\" content=\"Gelcoffee\" \/>\n<meta property=\"article:modified_time\" content=\"2022-04-13T18:28:35+00:00\" \/>\n<meta property=\"og:image\" content=\"https:\/\/www.gelcoffee.com.br\/homologa\/wp-content\/uploads\/2015\/04\/gelmix_01.jpg\" \/>\n\t<meta property=\"og:image:width\" content=\"799\" \/>\n\t<meta property=\"og:image:height\" content=\"1020\" \/>\n\t<meta property=\"og:image:type\" content=\"image\/jpeg\" \/>\n<meta name=\"twitter:card\" content=\"summary_large_image\" \/>\n<script type=\"application\/ld+json\" class=\"yoast-schema-graph\">{\"@context\":\"https:\/\/schema.org\",\"@graph\":[{\"@type\":\"WebPage\",\"@id\":\"https:\/\/www.gelcoffee.com.br\/en\/product\/gelmix-frozen-drink-2-3\",\"url\":\"https:\/\/www.gelcoffee.com.br\/en\/product\/gelmix-frozen-drink-2-3\",\"name\":\"Gel Mix Caliente Fr\u00eda - Gelcoffee\",\"isPartOf\":{\"@id\":\"https:\/\/www.gelcoffee.com.br\/en\/#website\"},\"primaryImageOfPage\":{\"@id\":\"https:\/\/www.gelcoffee.com.br\/en\/product\/gelmix-frozen-drink-2-3#primaryimage\"},\"image\":{\"@id\":\"https:\/\/www.gelcoffee.com.br\/en\/product\/gelmix-frozen-drink-2-3#primaryimage\"},\"thumbnailUrl\":\"https:\/\/www.gelcoffee.com.br\/homologa\/wp-content\/uploads\/2015\/04\/gelmix_01.jpg\",\"datePublished\":\"2022-04-13T18:26:04+00:00\",\"dateModified\":\"2022-04-13T18:28:35+00:00\",\"breadcrumb\":{\"@id\":\"https:\/\/www.gelcoffee.com.br\/en\/product\/gelmix-frozen-drink-2-3#breadcrumb\"},\"inLanguage\":\"es\",\"potentialAction\":[{\"@type\":\"ReadAction\",\"target\":[\"https:\/\/www.gelcoffee.com.br\/en\/product\/gelmix-frozen-drink-2-3\"]}]},{\"@type\":\"ImageObject\",\"inLanguage\":\"es\",\"@id\":\"https:\/\/www.gelcoffee.com.br\/en\/product\/gelmix-frozen-drink-2-3#primaryimage\",\"url\":\"https:\/\/www.gelcoffee.com.br\/homologa\/wp-content\/uploads\/2015\/04\/gelmix_01.jpg\",\"contentUrl\":\"https:\/\/www.gelcoffee.com.br\/homologa\/wp-content\/uploads\/2015\/04\/gelmix_01.jpg\",\"width\":799,\"height\":1020},{\"@type\":\"BreadcrumbList\",\"@id\":\"https:\/\/www.gelcoffee.com.br\/en\/product\/gelmix-frozen-drink-2-3#breadcrumb\",\"itemListElement\":[{\"@type\":\"ListItem\",\"position\":1,\"name\":\"In\u00edcio\",\"item\":\"https:\/\/www.gelcoffee.com.br\/en\/\"},{\"@type\":\"ListItem\",\"position\":2,\"name\":\"Products\",\"item\":\"https:\/\/www.gelcoffee.com.br\/en\/produtos\"},{\"@type\":\"ListItem\",\"position\":3,\"name\":\"Gel Mix Hot Cold\"}]},{\"@type\":\"WebSite\",\"@id\":\"https:\/\/www.gelcoffee.com.br\/en\/#website\",\"url\":\"https:\/\/www.gelcoffee.com.br\/en\/\",\"name\":\"Gelcoffee\",\"description\":\"Cafeteiras Espresso Profissionais para sua Casa ou Estabelecimento. M\u00e1quinas Caf\u00e9 Espresso Caf\u00e9 Expresso\",\"potentialAction\":[{\"@type\":\"SearchAction\",\"target\":{\"@type\":\"EntryPoint\",\"urlTemplate\":\"https:\/\/www.gelcoffee.com.br\/en\/?s={search_term_string}\"},\"query-input\":{\"@type\":\"PropertyValueSpecification\",\"valueRequired\":true,\"valueName\":\"search_term_string\"}}],\"inLanguage\":\"es\"}]}<\/script>\n<!-- \/ Yoast SEO plugin. -->","yoast_head_json":{"title":"Gel Mix Caliente Fr\u00eda - Gelcoffee","robots":{"index":"index","follow":"follow","max-snippet":"max-snippet:-1","max-image-preview":"max-image-preview:large","max-video-preview":"max-video-preview:-1"},"canonical":"https:\/\/www.gelcoffee.com.br\/en\/product\/gelmix-frozen-drink-2-3","og_locale":"es_ES","og_type":"article","og_title":"Gel Mix Caliente Fr\u00eda - Gelcoffee","og_description":"Modelo: Gelmix Tipo: Electr\u00f3nica Capacidad: 5 recipientes para producto soluble Anchura: 430 Altura: 670 Profundidad: 560 Potencia: 1300W Voltaje: 220V \u2013 60Hz","og_url":"https:\/\/www.gelcoffee.com.br\/en\/product\/gelmix-frozen-drink-2-3","og_site_name":"Gelcoffee","article_modified_time":"2022-04-13T18:28:35+00:00","og_image":[{"width":799,"height":1020,"url":"https:\/\/www.gelcoffee.com.br\/homologa\/wp-content\/uploads\/2015\/04\/gelmix_01.jpg","type":"image\/jpeg"}],"twitter_card":"summary_large_image","schema":{"@context":"https:\/\/schema.org","@graph":[{"@type":"WebPage","@id":"https:\/\/www.gelcoffee.com.br\/en\/product\/gelmix-frozen-drink-2-3","url":"https:\/\/www.gelcoffee.com.br\/en\/product\/gelmix-frozen-drink-2-3","name":"Gel Mix Caliente Fr\u00eda - Gelcoffee","isPartOf":{"@id":"https:\/\/www.gelcoffee.com.br\/en\/#website"},"primaryImageOfPage":{"@id":"https:\/\/www.gelcoffee.com.br\/en\/product\/gelmix-frozen-drink-2-3#primaryimage"},"image":{"@id":"https:\/\/www.gelcoffee.com.br\/en\/product\/gelmix-frozen-drink-2-3#primaryimage"},"thumbnailUrl":"https:\/\/www.gelcoffee.com.br\/homologa\/wp-content\/uploads\/2015\/04\/gelmix_01.jpg","datePublished":"2022-04-13T18:26:04+00:00","dateModified":"2022-04-13T18:28:35+00:00","breadcrumb":{"@id":"https:\/\/www.gelcoffee.com.br\/en\/product\/gelmix-frozen-drink-2-3#breadcrumb"},"inLanguage":"es","potentialAction":[{"@type":"ReadAction","target":["https:\/\/www.gelcoffee.com.br\/en\/product\/gelmix-frozen-drink-2-3"]}]},{"@type":"ImageObject","inLanguage":"es","@id":"https:\/\/www.gelcoffee.com.br\/en\/product\/gelmix-frozen-drink-2-3#primaryimage","url":"https:\/\/www.gelcoffee.com.br\/homologa\/wp-content\/uploads\/2015\/04\/gelmix_01.jpg","contentUrl":"https:\/\/www.gelcoffee.com.br\/homologa\/wp-content\/uploads\/2015\/04\/gelmix_01.jpg","width":799,"height":1020},{"@type":"BreadcrumbList","@id":"https:\/\/www.gelcoffee.com.br\/en\/product\/gelmix-frozen-drink-2-3#breadcrumb","itemListElement":[{"@type":"ListItem","position":1,"name":"In\u00edcio","item":"https:\/\/www.gelcoffee.com.br\/en\/"},{"@type":"ListItem","position":2,"name":"Products","item":"https:\/\/www.gelcoffee.com.br\/en\/produtos"},{"@type":"ListItem","position":3,"name":"Gel Mix Hot Cold"}]},{"@type":"WebSite","@id":"https:\/\/www.gelcoffee.com.br\/en\/#website","url":"https:\/\/www.gelcoffee.com.br\/en\/","name":"Gelcoffee","description":"Cafeteiras Espresso Profissionais para sua Casa ou Estabelecimento. M\u00e1quinas Caf\u00e9 Espresso Caf\u00e9 Expresso","potentialAction":[{"@type":"SearchAction","target":{"@type":"EntryPoint","urlTemplate":"https:\/\/www.gelcoffee.com.br\/en\/?s={search_term_string}"},"query-input":{"@type":"PropertyValueSpecification","valueRequired":true,"valueName":"search_term_string"}}],"inLanguage":"es"}]}},"_links":{"self":[{"href":"https:\/\/www.gelcoffee.com.br\/es\/wp-json\/wp\/v2\/product\/5536","targetHints":{"allow":["GET"]}}],"collection":[{"href":"https:\/\/www.gelcoffee.com.br\/es\/wp-json\/wp\/v2\/product"}],"about":[{"href":"https:\/\/www.gelcoffee.com.br\/es\/wp-json\/wp\/v2\/types\/product"}],"replies":[{"embeddable":true,"href":"https:\/\/www.gelcoffee.com.br\/es\/wp-json\/wp\/v2\/comments?post=5536"}],"wp:featuredmedia":[{"embeddable":true,"href":"https:\/\/www.gelcoffee.com.br\/es\/wp-json\/wp\/v2\/media\/908"}],"wp:attachment":[{"href":"https:\/\/www.gelcoffee.com.br\/es\/wp-json\/wp\/v2\/media?parent=5536"}],"wp:term":[{"taxonomy":"product_brand","embeddable":true,"href":"https:\/\/www.gelcoffee.com.br\/es\/wp-json\/wp\/v2\/product_brand?post=5536"},{"taxonomy":"product_cat","embeddable":true,"href":"https:\/\/www.gelcoffee.com.br\/es\/wp-json\/wp\/v2\/product_cat?post=5536"},{"taxonomy":"product_tag","embeddable":true,"href":"https:\/\/www.gelcoffee.com.br\/es\/wp-json\/wp\/v2\/product_tag?post=5536"}],"curies":[{"name":"wp","href":"https:\/\/api.w.org\/{rel}","templated":true}]}}