{"id":716,"date":"2015-04-16T13:53:00","date_gmt":"2015-04-16T16:53:00","guid":{"rendered":"http:\/\/www.gelcoffee.com.br\/homologa\/produto\/1200-f"},"modified":"2015-09-24T09:55:06","modified_gmt":"2015-09-24T12:55:06","slug":"1200-f-2","status":"publish","type":"product","link":"https:\/\/www.gelcoffee.com.br\/es\/producto\/1200-f-2","title":{"rendered":"WMF 1200 S"},"content":{"rendered":"<p>Modelo: WMF 1200 S<br \/>\nTipo: Super-autom\u00e1tico<br \/>\nCapacidade: 250 x\u00edcaras\/dia<br \/>\nLargura: 325<br \/>\nAltura: 682<br \/>\nProfundidade: 554<br \/>\nVoltagem: 220V<br \/>\nAt\u00e9 12 bebidas diferentes<br \/>\nInsumos: caf\u00e9 em gr\u00e3os, chocolate sol\u00favel<br \/>\nSistema autom\u00e1tico para leite<\/p>","protected":false},"excerpt":{"rendered":"<p>Modelo: WMF 1200 S Tipo: Super-autom\u00e1tico Capacidade: 250 x\u00edcaras\/dia Largura: 325 Altura: 682 Profundidade: 554 Voltagem: 220V At\u00e9 12 bebidas diferentes Insumos: caf\u00e9 em gr\u00e3os, chocolate sol\u00favel Sistema autom\u00e1tico para leite<\/p>\n","protected":false},"featured_media":1109,"comment_status":"open","ping_status":"closed","template":"","meta":{"_acf_changed":false},"product_brand":[],"product_cat":[37,45],"product_tag":[],"class_list":{"0":"post-716","1":"product","2":"type-product","3":"status-publish","4":"has-post-thumbnail","6":"product_cat-super-automatica","7":"product_cat-wmf","9":"first","10":"instock","11":"shipping-taxable","12":"product-type-simple"},"acf":[],"yoast_head":"<!-- This site is optimized with the Yoast SEO plugin v24.7 - https:\/\/yoast.com\/wordpress\/plugins\/seo\/ -->\n<title>WMF 1200 S - Gelcoffee<\/title>\n<meta name=\"robots\" content=\"index, follow, max-snippet:-1, max-image-preview:large, max-video-preview:-1\" \/>\n<link rel=\"canonical\" href=\"https:\/\/www.gelcoffee.com.br\/produto\/1200-f-2\" \/>\n<meta property=\"og:locale\" content=\"es_ES\" \/>\n<meta property=\"og:type\" content=\"article\" \/>\n<meta property=\"og:title\" content=\"WMF 1200 S - Gelcoffee\" \/>\n<meta property=\"og:description\" content=\"Modelo: WMF 1200 S Tipo: Super-autom\u00e1tico Capacidade: 250 x\u00edcaras\/dia Largura: 325 Altura: 682 Profundidade: 554 Voltagem: 220V At\u00e9 12 bebidas diferentes Insumos: caf\u00e9 em gr\u00e3os, chocolate sol\u00favel Sistema autom\u00e1tico para leite\" \/>\n<meta property=\"og:url\" content=\"https:\/\/www.gelcoffee.com.br\/produto\/1200-f-2\" \/>\n<meta property=\"og:site_name\" content=\"Gelcoffee\" \/>\n<meta property=\"article:modified_time\" content=\"2015-09-24T12:55:06+00:00\" \/>\n<meta property=\"og:image\" content=\"https:\/\/www.gelcoffee.com.br\/homologa\/wp-content\/uploads\/2015\/04\/wmf_1200s2.jpg\" \/>\n\t<meta property=\"og:image:width\" content=\"799\" \/>\n\t<meta property=\"og:image:height\" content=\"1020\" \/>\n\t<meta property=\"og:image:type\" content=\"image\/jpeg\" \/>\n<meta name=\"twitter:card\" content=\"summary_large_image\" \/>\n<script type=\"application\/ld+json\" class=\"yoast-schema-graph\">{\"@context\":\"https:\/\/schema.org\",\"@graph\":[{\"@type\":\"WebPage\",\"@id\":\"https:\/\/www.gelcoffee.com.br\/produto\/1200-f-2\",\"url\":\"https:\/\/www.gelcoffee.com.br\/produto\/1200-f-2\",\"name\":\"WMF 1200 S - Gelcoffee\",\"isPartOf\":{\"@id\":\"https:\/\/www.gelcoffee.com.br\/en\/#website\"},\"primaryImageOfPage\":{\"@id\":\"https:\/\/www.gelcoffee.com.br\/produto\/1200-f-2#primaryimage\"},\"image\":{\"@id\":\"https:\/\/www.gelcoffee.com.br\/produto\/1200-f-2#primaryimage\"},\"thumbnailUrl\":\"https:\/\/www.gelcoffee.com.br\/homologa\/wp-content\/uploads\/2015\/04\/wmf_1200s2.jpg\",\"datePublished\":\"2015-04-16T16:53:00+00:00\",\"dateModified\":\"2015-09-24T12:55:06+00:00\",\"breadcrumb\":{\"@id\":\"https:\/\/www.gelcoffee.com.br\/produto\/1200-f-2#breadcrumb\"},\"inLanguage\":\"es\",\"potentialAction\":[{\"@type\":\"ReadAction\",\"target\":[\"https:\/\/www.gelcoffee.com.br\/produto\/1200-f-2\"]}]},{\"@type\":\"ImageObject\",\"inLanguage\":\"es\",\"@id\":\"https:\/\/www.gelcoffee.com.br\/produto\/1200-f-2#primaryimage\",\"url\":\"https:\/\/www.gelcoffee.com.br\/homologa\/wp-content\/uploads\/2015\/04\/wmf_1200s2.jpg\",\"contentUrl\":\"https:\/\/www.gelcoffee.com.br\/homologa\/wp-content\/uploads\/2015\/04\/wmf_1200s2.jpg\",\"width\":799,\"height\":1020},{\"@type\":\"BreadcrumbList\",\"@id\":\"https:\/\/www.gelcoffee.com.br\/produto\/1200-f-2#breadcrumb\",\"itemListElement\":[{\"@type\":\"ListItem\",\"position\":1,\"name\":\"In\u00edcio\",\"item\":\"https:\/\/www.gelcoffee.com.br\/en\/\"},{\"@type\":\"ListItem\",\"position\":2,\"name\":\"Products\",\"item\":\"https:\/\/www.gelcoffee.com.br\/en\/produtos\"},{\"@type\":\"ListItem\",\"position\":3,\"name\":\"WMF 1200 S\"}]},{\"@type\":\"WebSite\",\"@id\":\"https:\/\/www.gelcoffee.com.br\/en\/#website\",\"url\":\"https:\/\/www.gelcoffee.com.br\/en\/\",\"name\":\"Gelcoffee\",\"description\":\"Cafeteiras Espresso Profissionais para sua Casa ou Estabelecimento. M\u00e1quinas Caf\u00e9 Espresso Caf\u00e9 Expresso\",\"potentialAction\":[{\"@type\":\"SearchAction\",\"target\":{\"@type\":\"EntryPoint\",\"urlTemplate\":\"https:\/\/www.gelcoffee.com.br\/en\/?s={search_term_string}\"},\"query-input\":{\"@type\":\"PropertyValueSpecification\",\"valueRequired\":true,\"valueName\":\"search_term_string\"}}],\"inLanguage\":\"es\"}]}<\/script>\n<!-- \/ Yoast SEO plugin. -->","yoast_head_json":{"title":"WMF 1200 S - Gelcoffee","robots":{"index":"index","follow":"follow","max-snippet":"max-snippet:-1","max-image-preview":"max-image-preview:large","max-video-preview":"max-video-preview:-1"},"canonical":"https:\/\/www.gelcoffee.com.br\/produto\/1200-f-2","og_locale":"es_ES","og_type":"article","og_title":"WMF 1200 S - Gelcoffee","og_description":"Modelo: WMF 1200 S Tipo: Super-autom\u00e1tico Capacidade: 250 x\u00edcaras\/dia Largura: 325 Altura: 682 Profundidade: 554 Voltagem: 220V At\u00e9 12 bebidas diferentes Insumos: caf\u00e9 em gr\u00e3os, chocolate sol\u00favel Sistema autom\u00e1tico para leite","og_url":"https:\/\/www.gelcoffee.com.br\/produto\/1200-f-2","og_site_name":"Gelcoffee","article_modified_time":"2015-09-24T12:55:06+00:00","og_image":[{"width":799,"height":1020,"url":"https:\/\/www.gelcoffee.com.br\/homologa\/wp-content\/uploads\/2015\/04\/wmf_1200s2.jpg","type":"image\/jpeg"}],"twitter_card":"summary_large_image","schema":{"@context":"https:\/\/schema.org","@graph":[{"@type":"WebPage","@id":"https:\/\/www.gelcoffee.com.br\/produto\/1200-f-2","url":"https:\/\/www.gelcoffee.com.br\/produto\/1200-f-2","name":"WMF 1200 S - Gelcoffee","isPartOf":{"@id":"https:\/\/www.gelcoffee.com.br\/en\/#website"},"primaryImageOfPage":{"@id":"https:\/\/www.gelcoffee.com.br\/produto\/1200-f-2#primaryimage"},"image":{"@id":"https:\/\/www.gelcoffee.com.br\/produto\/1200-f-2#primaryimage"},"thumbnailUrl":"https:\/\/www.gelcoffee.com.br\/homologa\/wp-content\/uploads\/2015\/04\/wmf_1200s2.jpg","datePublished":"2015-04-16T16:53:00+00:00","dateModified":"2015-09-24T12:55:06+00:00","breadcrumb":{"@id":"https:\/\/www.gelcoffee.com.br\/produto\/1200-f-2#breadcrumb"},"inLanguage":"es","potentialAction":[{"@type":"ReadAction","target":["https:\/\/www.gelcoffee.com.br\/produto\/1200-f-2"]}]},{"@type":"ImageObject","inLanguage":"es","@id":"https:\/\/www.gelcoffee.com.br\/produto\/1200-f-2#primaryimage","url":"https:\/\/www.gelcoffee.com.br\/homologa\/wp-content\/uploads\/2015\/04\/wmf_1200s2.jpg","contentUrl":"https:\/\/www.gelcoffee.com.br\/homologa\/wp-content\/uploads\/2015\/04\/wmf_1200s2.jpg","width":799,"height":1020},{"@type":"BreadcrumbList","@id":"https:\/\/www.gelcoffee.com.br\/produto\/1200-f-2#breadcrumb","itemListElement":[{"@type":"ListItem","position":1,"name":"In\u00edcio","item":"https:\/\/www.gelcoffee.com.br\/en\/"},{"@type":"ListItem","position":2,"name":"Products","item":"https:\/\/www.gelcoffee.com.br\/en\/produtos"},{"@type":"ListItem","position":3,"name":"WMF 1200 S"}]},{"@type":"WebSite","@id":"https:\/\/www.gelcoffee.com.br\/en\/#website","url":"https:\/\/www.gelcoffee.com.br\/en\/","name":"Gelcoffee","description":"Cafeteiras Espresso Profissionais para sua Casa ou Estabelecimento. M\u00e1quinas Caf\u00e9 Espresso Caf\u00e9 Expresso","potentialAction":[{"@type":"SearchAction","target":{"@type":"EntryPoint","urlTemplate":"https:\/\/www.gelcoffee.com.br\/en\/?s={search_term_string}"},"query-input":{"@type":"PropertyValueSpecification","valueRequired":true,"valueName":"search_term_string"}}],"inLanguage":"es"}]}},"_links":{"self":[{"href":"https:\/\/www.gelcoffee.com.br\/es\/wp-json\/wp\/v2\/product\/716","targetHints":{"allow":["GET"]}}],"collection":[{"href":"https:\/\/www.gelcoffee.com.br\/es\/wp-json\/wp\/v2\/product"}],"about":[{"href":"https:\/\/www.gelcoffee.com.br\/es\/wp-json\/wp\/v2\/types\/product"}],"replies":[{"embeddable":true,"href":"https:\/\/www.gelcoffee.com.br\/es\/wp-json\/wp\/v2\/comments?post=716"}],"wp:featuredmedia":[{"embeddable":true,"href":"https:\/\/www.gelcoffee.com.br\/es\/wp-json\/wp\/v2\/media\/1109"}],"wp:attachment":[{"href":"https:\/\/www.gelcoffee.com.br\/es\/wp-json\/wp\/v2\/media?parent=716"}],"wp:term":[{"taxonomy":"product_brand","embeddable":true,"href":"https:\/\/www.gelcoffee.com.br\/es\/wp-json\/wp\/v2\/product_brand?post=716"},{"taxonomy":"product_cat","embeddable":true,"href":"https:\/\/www.gelcoffee.com.br\/es\/wp-json\/wp\/v2\/product_cat?post=716"},{"taxonomy":"product_tag","embeddable":true,"href":"https:\/\/www.gelcoffee.com.br\/es\/wp-json\/wp\/v2\/product_tag?post=716"}],"curies":[{"name":"wp","href":"https:\/\/api.w.org\/{rel}","templated":true}]}}