{"id":732,"date":"2015-04-16T14:11:49","date_gmt":"2015-04-16T17:11:49","guid":{"rendered":"http:\/\/www.gelcoffee.com.br\/homologa\/produto\/g10bbs2"},"modified":"2015-05-25T13:57:56","modified_gmt":"2015-05-25T16:57:56","slug":"g10bbs2-2","status":"publish","type":"product","link":"https:\/\/www.gelcoffee.com.br\/es\/producto\/g10bbs2-2","title":{"rendered":"G10BBS2"},"content":{"rendered":"<p>Modelo: G10BBS2<br \/>\nVias: 2<br \/>\nCapacidad: 60 Litros<br \/>\nRefrigeraci\u00f3n: 4400 BTU\/h<br \/>\nAnchura: 300<br \/>\nAltura: 650<br \/>\nProfundidad: 615<br \/>\nPotencia: 630W<br \/>\nVoltaje: 220 V &#8211; 60 Hz<\/p>","protected":false},"excerpt":{"rendered":"<p>Modelo: G10BBS2 Vias: 2 Capacidad: 60 Litros Refrigeraci\u00f3n: 4400 BTU\/h Anchura: 300 Altura: 650 Profundidad: 615 Potencia: 630W Voltaje: 220 V &#8211; 60 Hz<\/p>\n","protected":false},"featured_media":857,"comment_status":"open","ping_status":"closed","template":"","meta":{"_acf_changed":false},"product_brand":[],"product_cat":[43],"product_tag":[],"class_list":{"0":"post-732","1":"product","2":"type-product","3":"status-publish","4":"has-post-thumbnail","6":"product_cat-sucos","8":"first","9":"instock","10":"shipping-taxable","11":"product-type-simple"},"acf":[],"yoast_head":"<!-- This site is optimized with the Yoast SEO plugin v24.7 - https:\/\/yoast.com\/wordpress\/plugins\/seo\/ -->\n<title>G10BBS2 - Gelcoffee<\/title>\n<meta name=\"robots\" content=\"index, follow, max-snippet:-1, max-image-preview:large, max-video-preview:-1\" \/>\n<link rel=\"canonical\" href=\"https:\/\/www.gelcoffee.com.br\/produto\/g10bbs2-2\" \/>\n<meta property=\"og:locale\" content=\"es_ES\" \/>\n<meta property=\"og:type\" content=\"article\" \/>\n<meta property=\"og:title\" content=\"G10BBS2 - Gelcoffee\" \/>\n<meta property=\"og:description\" content=\"Modelo: G10BBS2 Vias: 2 Capacidad: 60 Litros Refrigeraci\u00f3n: 4400 BTU\/h Anchura: 300 Altura: 650 Profundidad: 615 Potencia: 630W Voltaje: 220 V &#8211; 60 Hz\" \/>\n<meta property=\"og:url\" content=\"https:\/\/www.gelcoffee.com.br\/produto\/g10bbs2-2\" \/>\n<meta property=\"og:site_name\" content=\"Gelcoffee\" \/>\n<meta property=\"article:modified_time\" content=\"2015-05-25T16:57:56+00:00\" \/>\n<meta property=\"og:image\" content=\"https:\/\/www.gelcoffee.com.br\/homologa\/wp-content\/uploads\/2015\/04\/g10bbs21.jpg\" \/>\n\t<meta property=\"og:image:width\" content=\"799\" \/>\n\t<meta property=\"og:image:height\" content=\"1020\" \/>\n\t<meta property=\"og:image:type\" content=\"image\/jpeg\" \/>\n<meta name=\"twitter:card\" content=\"summary_large_image\" \/>\n<script type=\"application\/ld+json\" class=\"yoast-schema-graph\">{\"@context\":\"https:\/\/schema.org\",\"@graph\":[{\"@type\":\"WebPage\",\"@id\":\"https:\/\/www.gelcoffee.com.br\/produto\/g10bbs2-2\",\"url\":\"https:\/\/www.gelcoffee.com.br\/produto\/g10bbs2-2\",\"name\":\"G10BBS2 - Gelcoffee\",\"isPartOf\":{\"@id\":\"https:\/\/www.gelcoffee.com.br\/en\/#website\"},\"primaryImageOfPage\":{\"@id\":\"https:\/\/www.gelcoffee.com.br\/produto\/g10bbs2-2#primaryimage\"},\"image\":{\"@id\":\"https:\/\/www.gelcoffee.com.br\/produto\/g10bbs2-2#primaryimage\"},\"thumbnailUrl\":\"https:\/\/www.gelcoffee.com.br\/homologa\/wp-content\/uploads\/2015\/04\/g10bbs21.jpg\",\"datePublished\":\"2015-04-16T17:11:49+00:00\",\"dateModified\":\"2015-05-25T16:57:56+00:00\",\"breadcrumb\":{\"@id\":\"https:\/\/www.gelcoffee.com.br\/produto\/g10bbs2-2#breadcrumb\"},\"inLanguage\":\"es\",\"potentialAction\":[{\"@type\":\"ReadAction\",\"target\":[\"https:\/\/www.gelcoffee.com.br\/produto\/g10bbs2-2\"]}]},{\"@type\":\"ImageObject\",\"inLanguage\":\"es\",\"@id\":\"https:\/\/www.gelcoffee.com.br\/produto\/g10bbs2-2#primaryimage\",\"url\":\"https:\/\/www.gelcoffee.com.br\/homologa\/wp-content\/uploads\/2015\/04\/g10bbs21.jpg\",\"contentUrl\":\"https:\/\/www.gelcoffee.com.br\/homologa\/wp-content\/uploads\/2015\/04\/g10bbs21.jpg\",\"width\":799,\"height\":1020},{\"@type\":\"BreadcrumbList\",\"@id\":\"https:\/\/www.gelcoffee.com.br\/produto\/g10bbs2-2#breadcrumb\",\"itemListElement\":[{\"@type\":\"ListItem\",\"position\":1,\"name\":\"In\u00edcio\",\"item\":\"https:\/\/www.gelcoffee.com.br\/en\/\"},{\"@type\":\"ListItem\",\"position\":2,\"name\":\"Products\",\"item\":\"https:\/\/www.gelcoffee.com.br\/en\/produtos\"},{\"@type\":\"ListItem\",\"position\":3,\"name\":\"G10BBS2\"}]},{\"@type\":\"WebSite\",\"@id\":\"https:\/\/www.gelcoffee.com.br\/en\/#website\",\"url\":\"https:\/\/www.gelcoffee.com.br\/en\/\",\"name\":\"Gelcoffee\",\"description\":\"Cafeteiras Espresso Profissionais para sua Casa ou Estabelecimento. M\u00e1quinas Caf\u00e9 Espresso Caf\u00e9 Expresso\",\"potentialAction\":[{\"@type\":\"SearchAction\",\"target\":{\"@type\":\"EntryPoint\",\"urlTemplate\":\"https:\/\/www.gelcoffee.com.br\/en\/?s={search_term_string}\"},\"query-input\":{\"@type\":\"PropertyValueSpecification\",\"valueRequired\":true,\"valueName\":\"search_term_string\"}}],\"inLanguage\":\"es\"}]}<\/script>\n<!-- \/ Yoast SEO plugin. -->","yoast_head_json":{"title":"G10BBS2 - Gelcoffee","robots":{"index":"index","follow":"follow","max-snippet":"max-snippet:-1","max-image-preview":"max-image-preview:large","max-video-preview":"max-video-preview:-1"},"canonical":"https:\/\/www.gelcoffee.com.br\/produto\/g10bbs2-2","og_locale":"es_ES","og_type":"article","og_title":"G10BBS2 - Gelcoffee","og_description":"Modelo: G10BBS2 Vias: 2 Capacidad: 60 Litros Refrigeraci\u00f3n: 4400 BTU\/h Anchura: 300 Altura: 650 Profundidad: 615 Potencia: 630W Voltaje: 220 V &#8211; 60 Hz","og_url":"https:\/\/www.gelcoffee.com.br\/produto\/g10bbs2-2","og_site_name":"Gelcoffee","article_modified_time":"2015-05-25T16:57:56+00:00","og_image":[{"width":799,"height":1020,"url":"https:\/\/www.gelcoffee.com.br\/homologa\/wp-content\/uploads\/2015\/04\/g10bbs21.jpg","type":"image\/jpeg"}],"twitter_card":"summary_large_image","schema":{"@context":"https:\/\/schema.org","@graph":[{"@type":"WebPage","@id":"https:\/\/www.gelcoffee.com.br\/produto\/g10bbs2-2","url":"https:\/\/www.gelcoffee.com.br\/produto\/g10bbs2-2","name":"G10BBS2 - Gelcoffee","isPartOf":{"@id":"https:\/\/www.gelcoffee.com.br\/en\/#website"},"primaryImageOfPage":{"@id":"https:\/\/www.gelcoffee.com.br\/produto\/g10bbs2-2#primaryimage"},"image":{"@id":"https:\/\/www.gelcoffee.com.br\/produto\/g10bbs2-2#primaryimage"},"thumbnailUrl":"https:\/\/www.gelcoffee.com.br\/homologa\/wp-content\/uploads\/2015\/04\/g10bbs21.jpg","datePublished":"2015-04-16T17:11:49+00:00","dateModified":"2015-05-25T16:57:56+00:00","breadcrumb":{"@id":"https:\/\/www.gelcoffee.com.br\/produto\/g10bbs2-2#breadcrumb"},"inLanguage":"es","potentialAction":[{"@type":"ReadAction","target":["https:\/\/www.gelcoffee.com.br\/produto\/g10bbs2-2"]}]},{"@type":"ImageObject","inLanguage":"es","@id":"https:\/\/www.gelcoffee.com.br\/produto\/g10bbs2-2#primaryimage","url":"https:\/\/www.gelcoffee.com.br\/homologa\/wp-content\/uploads\/2015\/04\/g10bbs21.jpg","contentUrl":"https:\/\/www.gelcoffee.com.br\/homologa\/wp-content\/uploads\/2015\/04\/g10bbs21.jpg","width":799,"height":1020},{"@type":"BreadcrumbList","@id":"https:\/\/www.gelcoffee.com.br\/produto\/g10bbs2-2#breadcrumb","itemListElement":[{"@type":"ListItem","position":1,"name":"In\u00edcio","item":"https:\/\/www.gelcoffee.com.br\/en\/"},{"@type":"ListItem","position":2,"name":"Products","item":"https:\/\/www.gelcoffee.com.br\/en\/produtos"},{"@type":"ListItem","position":3,"name":"G10BBS2"}]},{"@type":"WebSite","@id":"https:\/\/www.gelcoffee.com.br\/en\/#website","url":"https:\/\/www.gelcoffee.com.br\/en\/","name":"Gelcoffee","description":"Cafeteiras Espresso Profissionais para sua Casa ou Estabelecimento. M\u00e1quinas Caf\u00e9 Espresso Caf\u00e9 Expresso","potentialAction":[{"@type":"SearchAction","target":{"@type":"EntryPoint","urlTemplate":"https:\/\/www.gelcoffee.com.br\/en\/?s={search_term_string}"},"query-input":{"@type":"PropertyValueSpecification","valueRequired":true,"valueName":"search_term_string"}}],"inLanguage":"es"}]}},"_links":{"self":[{"href":"https:\/\/www.gelcoffee.com.br\/es\/wp-json\/wp\/v2\/product\/732","targetHints":{"allow":["GET"]}}],"collection":[{"href":"https:\/\/www.gelcoffee.com.br\/es\/wp-json\/wp\/v2\/product"}],"about":[{"href":"https:\/\/www.gelcoffee.com.br\/es\/wp-json\/wp\/v2\/types\/product"}],"replies":[{"embeddable":true,"href":"https:\/\/www.gelcoffee.com.br\/es\/wp-json\/wp\/v2\/comments?post=732"}],"wp:featuredmedia":[{"embeddable":true,"href":"https:\/\/www.gelcoffee.com.br\/es\/wp-json\/wp\/v2\/media\/857"}],"wp:attachment":[{"href":"https:\/\/www.gelcoffee.com.br\/es\/wp-json\/wp\/v2\/media?parent=732"}],"wp:term":[{"taxonomy":"product_brand","embeddable":true,"href":"https:\/\/www.gelcoffee.com.br\/es\/wp-json\/wp\/v2\/product_brand?post=732"},{"taxonomy":"product_cat","embeddable":true,"href":"https:\/\/www.gelcoffee.com.br\/es\/wp-json\/wp\/v2\/product_cat?post=732"},{"taxonomy":"product_tag","embeddable":true,"href":"https:\/\/www.gelcoffee.com.br\/es\/wp-json\/wp\/v2\/product_tag?post=732"}],"curies":[{"name":"wp","href":"https:\/\/api.w.org\/{rel}","templated":true}]}}